{"id":3537,"date":"2021-10-20T10:14:55","date_gmt":"2021-10-20T10:14:55","guid":{"rendered":"https:\/\/demo2wpopal.b-cdn.net\/ecolive\/?page_id=3537"},"modified":"2024-07-25T15:08:42","modified_gmt":"2024-07-25T15:08:42","slug":"uber-uns","status":"publish","type":"page","link":"https:\/\/kaffee-natur.de\/?page_id=3537","title":{"rendered":"\u00dcber Uns"},"content":{"rendered":"\t\t<div data-elementor-type=\"wp-page\" data-elementor-id=\"3537\" class=\"elementor elementor-3537\">\n\t\t\t\t<div class=\"elementor-element elementor-element-00d9af8 e-flex e-con-boxed wpr-particle-no wpr-jarallax-no wpr-parallax-no wpr-sticky-section-no wpr-column-slider-no wpr-equal-height-no e-con e-parent\" data-id=\"00d9af8\" data-element_type=\"container\" data-e-type=\"container\">\n\t\t\t\t\t<div class=\"e-con-inner\">\n\t\t\t\t<div class=\"elementor-element elementor-element-a72bef1 elementor-widget elementor-widget-heading\" data-id=\"a72bef1\" data-element_type=\"widget\" data-e-type=\"widget\" data-widget_type=\"heading.default\">\n\t\t\t\t<div class=\"elementor-widget-container\">\n\t\t\t\t\t<h2 class=\"elementor-heading-title elementor-size-default\">\u00dcber Uns<\/h2>\t\t\t\t<\/div>\n\t\t\t\t<\/div>\n\t\t\t\t\t<\/div>\n\t\t\t\t<\/div>\n\t\t<div class=\"elementor-element elementor-element-1b7ba2e e-grid e-con-boxed wpr-particle-no wpr-jarallax-no wpr-parallax-no wpr-sticky-section-no wpr-column-slider-no wpr-equal-height-no e-con e-parent\" data-id=\"1b7ba2e\" data-element_type=\"container\" data-e-type=\"container\">\n\t\t\t\t\t<div class=\"e-con-inner\">\n\t\t\t\t<div class=\"elementor-element elementor-element-e593695 wpr-team-member-divider-center elementor-widget elementor-widget-wpr-team-member\" data-id=\"e593695\" data-element_type=\"widget\" data-e-type=\"widget\" data-widget_type=\"wpr-team-member.default\">\n\t\t\t\t<div class=\"elementor-widget-container\">\n\t\t\t\t\t\n\t<div class=\"wpr-team-member\">\n\t\t\t\t\t\n\t\t\t<div class=\"wpr-member-media\">\n\t\t\t\t<div class=\"wpr-member-image\">\n\t\t\t\t\t<img decoding=\"async\" src=\"https:\/\/kaffee-natur.de\/wp-content\/uploads\/2024\/07\/kindergarten1.png\" alt=\"Der Kindergarten\">\n\t\t\t\t<\/div>\n\t\t\t\t\t\t\t<\/div>\n\t\t\t\t\n\t\t\n\t\t<div class=\"wpr-member-content\">\n\t\t\t<h3 class=\"wpr-member-name\">Der Kindergarten<\/h3>\n\t\t\t\n\t\t\t\n\t\t\t\t\t\t\t<div class=\"wpr-member-divider\"><\/div>\n\t\t\t\n\t\t\t\t\t\t\n\t\t\t\t\t<\/div>\n\n\t\t\t<\/div>\n\n\t\t\t\t\t<\/div>\n\t\t\t\t<\/div>\n\t\t\t\t<div class=\"elementor-element elementor-element-70850bd wpr-team-member-divider-center elementor-widget elementor-widget-wpr-team-member\" data-id=\"70850bd\" data-element_type=\"widget\" data-e-type=\"widget\" data-widget_type=\"wpr-team-member.default\">\n\t\t\t\t<div class=\"elementor-widget-container\">\n\t\t\t\t\t\n\t<div class=\"wpr-team-member\">\n\t\t\t\t\t\n\t\t\t<div class=\"wpr-member-media\">\n\t\t\t\t<div class=\"wpr-member-image\">\n\t\t\t\t\t<img decoding=\"async\" src=\"https:\/\/kaffee-natur.de\/wp-content\/uploads\/2024\/07\/schule.png\" alt=\"Unser Schulprojekt\">\n\t\t\t\t<\/div>\n\t\t\t\t\t\t\t<\/div>\n\t\t\t\t\n\t\t\n\t\t<div class=\"wpr-member-content\">\n\t\t\t<h3 class=\"wpr-member-name\">Unser Schulprojekt<\/h3>\n\t\t\t\n\t\t\t\n\t\t\t\t\t\t\t<div class=\"wpr-member-divider\"><\/div>\n\t\t\t\n\t\t\t\t\t\t\t<div class=\"wpr-member-description\">\u2013 NEAD und Freunde in Norwegen lieferten Material f\u00fcr die \u00dcberdachung des neuen Geb\u00e4udes f\u00fcr die Klassen 6 und 7 sowie 60 Schreibtische. Installation von Sonnenkollektoren f\u00fcr die Beleuchtung. Vorbereitungen f\u00fcr ein neues, dauerhaftes Schulgeb\u00e4ude.<\/div>\n\t\t\t\t\t\t\n\t\t\t\t\t<\/div>\n\n\t\t\t<\/div>\n\n\t\t\t\t\t<\/div>\n\t\t\t\t<\/div>\n\t\t\t\t<div class=\"elementor-element elementor-element-a71a211 wpr-team-member-divider-center elementor-widget elementor-widget-wpr-team-member\" data-id=\"a71a211\" data-element_type=\"widget\" data-e-type=\"widget\" data-widget_type=\"wpr-team-member.default\">\n\t\t\t\t<div class=\"elementor-widget-container\">\n\t\t\t\t\t\n\t<div class=\"wpr-team-member\">\n\t\t\t\t\t\n\t\t\t<div class=\"wpr-member-media\">\n\t\t\t\t<div class=\"wpr-member-image\">\n\t\t\t\t\t<img decoding=\"async\" src=\"https:\/\/kaffee-natur.de\/wp-content\/uploads\/2024\/07\/Team-Farm.png\" alt=\"Unser Team Vor Ort\">\n\t\t\t\t<\/div>\n\t\t\t\t\t\t\t<\/div>\n\t\t\t\t\n\t\t\n\t\t<div class=\"wpr-member-content\">\n\t\t\t<h3 class=\"wpr-member-name\">Unser Team Vor Ort<\/h3>\n\t\t\t\n\t\t\t\n\t\t\t\t\t\t\t<div class=\"wpr-member-divider\"><\/div>\n\t\t\t\n\t\t\t\t\t\t\n\t\t\t\t\t<\/div>\n\n\t\t\t<\/div>\n\n\t\t\t\t\t<\/div>\n\t\t\t\t<\/div>\n\t\t\t\t\t<\/div>\n\t\t\t\t<\/div>\n\t\t\t\t<\/div>\n\t\t","protected":false},"excerpt":{"rendered":"<p>\u00dcber Uns Der Kindergarten Unser Schulprojekt \u2013 NEAD und Freunde in Norwegen lieferten Material f\u00fcr die \u00dcberdachung des neuen Geb\u00e4udes f\u00fcr die Klassen 6 und 7 sowie 60 Schreibtische. Installation von Sonnenkollektoren f\u00fcr die Beleuchtung. Vorbereitungen f\u00fcr ein neues, dauerhaftes Schulgeb\u00e4ude. Unser Team Vor Ort<\/p>\n","protected":false},"author":2,"featured_media":0,"parent":0,"menu_order":0,"comment_status":"closed","ping_status":"closed","template":"","meta":{"inline_featured_image":false,"_themeisle_gutenberg_block_has_review":false,"footnotes":""},"class_list":["post-3537","page","type-page","status-publish","hentry"],"yoast_head":"<!-- This site is optimized with the Yoast SEO plugin v27.5 - https:\/\/yoast.com\/product\/yoast-seo-wordpress\/ -->\n<title>\u00dcber Uns - Kaffee-Natur<\/title>\n<meta name=\"robots\" content=\"index, follow, max-snippet:-1, max-image-preview:large, max-video-preview:-1\" \/>\n<link rel=\"canonical\" href=\"https:\/\/kaffee-natur.de\/?page_id=3537\" \/>\n<meta property=\"og:locale\" content=\"de_DE\" \/>\n<meta property=\"og:type\" content=\"article\" \/>\n<meta property=\"og:title\" content=\"\u00dcber Uns - Kaffee-Natur\" \/>\n<meta property=\"og:description\" content=\"\u00dcber Uns Der Kindergarten Unser Schulprojekt \u2013 NEAD und Freunde in Norwegen lieferten Material f\u00fcr die \u00dcberdachung des neuen Geb\u00e4udes f\u00fcr die Klassen 6 und 7 sowie 60 Schreibtische. Installation von Sonnenkollektoren f\u00fcr die Beleuchtung. Vorbereitungen f\u00fcr ein neues, dauerhaftes Schulgeb\u00e4ude. Unser Team Vor Ort\" \/>\n<meta property=\"og:url\" content=\"https:\/\/kaffee-natur.de\/?page_id=3537\" \/>\n<meta property=\"og:site_name\" content=\"Kaffee-Natur\" \/>\n<meta property=\"article:modified_time\" content=\"2024-07-25T15:08:42+00:00\" \/>\n<meta property=\"og:image\" content=\"https:\/\/kaffee-natur.de\/wp-content\/uploads\/2024\/07\/kindergarten1.png\" \/>\n<meta name=\"twitter:card\" content=\"summary_large_image\" \/>\n<meta name=\"twitter:label1\" content=\"Gesch\u00e4tzte Lesezeit\" \/>\n\t<meta name=\"twitter:data1\" content=\"1\u00a0Minute\" \/>\n<script type=\"application\/ld+json\" class=\"yoast-schema-graph\">{\"@context\":\"https:\\\/\\\/schema.org\",\"@graph\":[{\"@type\":\"WebPage\",\"@id\":\"https:\\\/\\\/kaffee-natur.de\\\/?page_id=3537\",\"url\":\"https:\\\/\\\/kaffee-natur.de\\\/?page_id=3537\",\"name\":\"\u00dcber Uns - Kaffee-Natur\",\"isPartOf\":{\"@id\":\"https:\\\/\\\/kaffee-natur.de\\\/#website\"},\"primaryImageOfPage\":{\"@id\":\"https:\\\/\\\/kaffee-natur.de\\\/?page_id=3537#primaryimage\"},\"image\":{\"@id\":\"https:\\\/\\\/kaffee-natur.de\\\/?page_id=3537#primaryimage\"},\"thumbnailUrl\":\"https:\\\/\\\/kaffee-natur.de\\\/wp-content\\\/uploads\\\/2024\\\/07\\\/kindergarten1.png\",\"datePublished\":\"2021-10-20T10:14:55+00:00\",\"dateModified\":\"2024-07-25T15:08:42+00:00\",\"breadcrumb\":{\"@id\":\"https:\\\/\\\/kaffee-natur.de\\\/?page_id=3537#breadcrumb\"},\"inLanguage\":\"de\",\"potentialAction\":[{\"@type\":\"ReadAction\",\"target\":[\"https:\\\/\\\/kaffee-natur.de\\\/?page_id=3537\"]}]},{\"@type\":\"ImageObject\",\"inLanguage\":\"de\",\"@id\":\"https:\\\/\\\/kaffee-natur.de\\\/?page_id=3537#primaryimage\",\"url\":\"https:\\\/\\\/kaffee-natur.de\\\/wp-content\\\/uploads\\\/2024\\\/07\\\/kindergarten1.png\",\"contentUrl\":\"https:\\\/\\\/kaffee-natur.de\\\/wp-content\\\/uploads\\\/2024\\\/07\\\/kindergarten1.png\",\"width\":680,\"height\":508},{\"@type\":\"BreadcrumbList\",\"@id\":\"https:\\\/\\\/kaffee-natur.de\\\/?page_id=3537#breadcrumb\",\"itemListElement\":[{\"@type\":\"ListItem\",\"position\":1,\"name\":\"Home\",\"item\":\"https:\\\/\\\/kaffee-natur.de\\\/\"},{\"@type\":\"ListItem\",\"position\":2,\"name\":\"\u00dcber Uns\"}]},{\"@type\":\"WebSite\",\"@id\":\"https:\\\/\\\/kaffee-natur.de\\\/#website\",\"url\":\"https:\\\/\\\/kaffee-natur.de\\\/\",\"name\":\"Kaffee-Natur\",\"description\":\"\",\"publisher\":{\"@id\":\"https:\\\/\\\/kaffee-natur.de\\\/#organization\"},\"potentialAction\":[{\"@type\":\"SearchAction\",\"target\":{\"@type\":\"EntryPoint\",\"urlTemplate\":\"https:\\\/\\\/kaffee-natur.de\\\/?s={search_term_string}\"},\"query-input\":{\"@type\":\"PropertyValueSpecification\",\"valueRequired\":true,\"valueName\":\"search_term_string\"}}],\"inLanguage\":\"de\"},{\"@type\":\"Organization\",\"@id\":\"https:\\\/\\\/kaffee-natur.de\\\/#organization\",\"name\":\"Kaffee-Natur\",\"url\":\"https:\\\/\\\/kaffee-natur.de\\\/\",\"logo\":{\"@type\":\"ImageObject\",\"inLanguage\":\"de\",\"@id\":\"https:\\\/\\\/kaffee-natur.de\\\/#\\\/schema\\\/logo\\\/image\\\/\",\"url\":\"https:\\\/\\\/kaffee-natur.de\\\/wp-content\\\/uploads\\\/2023\\\/11\\\/cropped-logo.png\",\"contentUrl\":\"https:\\\/\\\/kaffee-natur.de\\\/wp-content\\\/uploads\\\/2023\\\/11\\\/cropped-logo.png\",\"width\":234,\"height\":189,\"caption\":\"Kaffee-Natur\"},\"image\":{\"@id\":\"https:\\\/\\\/kaffee-natur.de\\\/#\\\/schema\\\/logo\\\/image\\\/\"}}]}<\/script>\n<!-- \/ Yoast SEO plugin. -->","yoast_head_json":{"title":"\u00dcber Uns - Kaffee-Natur","robots":{"index":"index","follow":"follow","max-snippet":"max-snippet:-1","max-image-preview":"max-image-preview:large","max-video-preview":"max-video-preview:-1"},"canonical":"https:\/\/kaffee-natur.de\/?page_id=3537","og_locale":"de_DE","og_type":"article","og_title":"\u00dcber Uns - Kaffee-Natur","og_description":"\u00dcber Uns Der Kindergarten Unser Schulprojekt \u2013 NEAD und Freunde in Norwegen lieferten Material f\u00fcr die \u00dcberdachung des neuen Geb\u00e4udes f\u00fcr die Klassen 6 und 7 sowie 60 Schreibtische. Installation von Sonnenkollektoren f\u00fcr die Beleuchtung. Vorbereitungen f\u00fcr ein neues, dauerhaftes Schulgeb\u00e4ude. Unser Team Vor Ort","og_url":"https:\/\/kaffee-natur.de\/?page_id=3537","og_site_name":"Kaffee-Natur","article_modified_time":"2024-07-25T15:08:42+00:00","og_image":[{"url":"https:\/\/kaffee-natur.de\/wp-content\/uploads\/2024\/07\/kindergarten1.png","type":"","width":"","height":""}],"twitter_card":"summary_large_image","twitter_misc":{"Gesch\u00e4tzte Lesezeit":"1\u00a0Minute"},"schema":{"@context":"https:\/\/schema.org","@graph":[{"@type":"WebPage","@id":"https:\/\/kaffee-natur.de\/?page_id=3537","url":"https:\/\/kaffee-natur.de\/?page_id=3537","name":"\u00dcber Uns - Kaffee-Natur","isPartOf":{"@id":"https:\/\/kaffee-natur.de\/#website"},"primaryImageOfPage":{"@id":"https:\/\/kaffee-natur.de\/?page_id=3537#primaryimage"},"image":{"@id":"https:\/\/kaffee-natur.de\/?page_id=3537#primaryimage"},"thumbnailUrl":"https:\/\/kaffee-natur.de\/wp-content\/uploads\/2024\/07\/kindergarten1.png","datePublished":"2021-10-20T10:14:55+00:00","dateModified":"2024-07-25T15:08:42+00:00","breadcrumb":{"@id":"https:\/\/kaffee-natur.de\/?page_id=3537#breadcrumb"},"inLanguage":"de","potentialAction":[{"@type":"ReadAction","target":["https:\/\/kaffee-natur.de\/?page_id=3537"]}]},{"@type":"ImageObject","inLanguage":"de","@id":"https:\/\/kaffee-natur.de\/?page_id=3537#primaryimage","url":"https:\/\/kaffee-natur.de\/wp-content\/uploads\/2024\/07\/kindergarten1.png","contentUrl":"https:\/\/kaffee-natur.de\/wp-content\/uploads\/2024\/07\/kindergarten1.png","width":680,"height":508},{"@type":"BreadcrumbList","@id":"https:\/\/kaffee-natur.de\/?page_id=3537#breadcrumb","itemListElement":[{"@type":"ListItem","position":1,"name":"Home","item":"https:\/\/kaffee-natur.de\/"},{"@type":"ListItem","position":2,"name":"\u00dcber Uns"}]},{"@type":"WebSite","@id":"https:\/\/kaffee-natur.de\/#website","url":"https:\/\/kaffee-natur.de\/","name":"Kaffee-Natur","description":"","publisher":{"@id":"https:\/\/kaffee-natur.de\/#organization"},"potentialAction":[{"@type":"SearchAction","target":{"@type":"EntryPoint","urlTemplate":"https:\/\/kaffee-natur.de\/?s={search_term_string}"},"query-input":{"@type":"PropertyValueSpecification","valueRequired":true,"valueName":"search_term_string"}}],"inLanguage":"de"},{"@type":"Organization","@id":"https:\/\/kaffee-natur.de\/#organization","name":"Kaffee-Natur","url":"https:\/\/kaffee-natur.de\/","logo":{"@type":"ImageObject","inLanguage":"de","@id":"https:\/\/kaffee-natur.de\/#\/schema\/logo\/image\/","url":"https:\/\/kaffee-natur.de\/wp-content\/uploads\/2023\/11\/cropped-logo.png","contentUrl":"https:\/\/kaffee-natur.de\/wp-content\/uploads\/2023\/11\/cropped-logo.png","width":234,"height":189,"caption":"Kaffee-Natur"},"image":{"@id":"https:\/\/kaffee-natur.de\/#\/schema\/logo\/image\/"}}]}},"_links":{"self":[{"href":"https:\/\/kaffee-natur.de\/index.php?rest_route=\/wp\/v2\/pages\/3537","targetHints":{"allow":["GET"]}}],"collection":[{"href":"https:\/\/kaffee-natur.de\/index.php?rest_route=\/wp\/v2\/pages"}],"about":[{"href":"https:\/\/kaffee-natur.de\/index.php?rest_route=\/wp\/v2\/types\/page"}],"author":[{"embeddable":true,"href":"https:\/\/kaffee-natur.de\/index.php?rest_route=\/wp\/v2\/users\/2"}],"replies":[{"embeddable":true,"href":"https:\/\/kaffee-natur.de\/index.php?rest_route=%2Fwp%2Fv2%2Fcomments&post=3537"}],"version-history":[{"count":0,"href":"https:\/\/kaffee-natur.de\/index.php?rest_route=\/wp\/v2\/pages\/3537\/revisions"}],"wp:attachment":[{"href":"https:\/\/kaffee-natur.de\/index.php?rest_route=%2Fwp%2Fv2%2Fmedia&parent=3537"}],"curies":[{"name":"wp","href":"https:\/\/api.w.org\/{rel}","templated":true}]}}